{"id":686,"date":"2022-09-27T17:46:51","date_gmt":"2022-09-27T15:46:51","guid":{"rendered":"https:\/\/reelenvue.org\/?page_id=686"},"modified":"2023-10-12T12:07:43","modified_gmt":"2023-10-12T10:07:43","slug":"regard-de-cineaste-avec-yann-sinic","status":"publish","type":"page","link":"https:\/\/reelenvue.org\/index.php\/regard-de-cineaste-avec-yann-sinic\/","title":{"rendered":"SOIR\u00c9E SP\u00c9CIALE"},"content":{"rendered":"\n<p class=\"has-medium-font-size\"><strong>avec la cin\u00e9aste Annabelle AMOROS et les \u00e9tudiants de 2\u00e8me ann\u00e9e Art ESAL METZ<\/strong><\/p>\n\n\n\n<p class=\"has-medium-font-size\"><strong>Samedi 26 novembre<\/strong>, <strong>20h, Espace conf\u00e9rence La Scala<\/strong><br><strong><em>La rencontre sera anim\u00e9e par Pierre Villemin<\/em><\/strong><\/p>\n\n\n\n<div class=\"wp-block-media-text alignwide is-stacked-on-mobile\" style=\"grid-template-columns:23% auto\"><figure class=\"wp-block-media-text__media\"><img loading=\"lazy\" width=\"232\" height=\"290\" src=\"https:\/\/reelenvue.org\/wp-content\/uploads\/2023\/10\/annabelle-amoros.jpg\" alt=\"\" class=\"wp-image-950 size-full\"\/><\/figure><div class=\"wp-block-media-text__content\">\n<p style=\"font-size:22px\"><strong>Annabelle AMOROS<\/strong><\/p>\n\n\n\n<p style=\"font-size:15px\">Annabelle Amoros d\u00e9bute sa formation artistique \u00e0 l\u2019\u00c9cole d\u2019Art de Metz, puis int\u00e8gre l\u2019\u00c9cole Nationale Sup\u00e9rieure de la Photographie \u00e0 Arles de 2011 \u00e0 2014.<br>\u00c0 l\u2019issue d\u2019un programme d\u2019\u00e9change \u00e0 l\u2019\u00e9cole Taik de Helsinki, elle suit des cours de vid\u00e9o qui \u00e9veillent en elle un int\u00e9r\u00eat particulier pour l\u2019image en mouvement. La vid\u00e9o et la photographie deviennent alors ses m\u00e9diums de pr\u00e9dilection. Sa production artistique se distingue par une volont\u00e9 r\u00e9currente d\u2019exposer une dualit\u00e9 entre faits r\u00e9els et r\u00e9cit fictif, plongeant ainsi le spectateur dans un univers d\u2019entre-deux, instable et d\u00e9routant.<\/p>\n<\/div><\/div>\n\n\n\n<p class=\"has-medium-font-size\"><strong>4 FILMS ESSAIS DES \u00c9TUDIANTS DE 2EME ANN\u00c9E ART ESAL METZ<\/strong><\/p>\n\n\n\n<p><strong>\u00caTRE UNE HISTOIRE&nbsp;<\/strong><br>Priscilla Ali<br>7 min<br>Film qui explore la fascination de l&#8217;humanit\u00e9 pour les rencontres avec l&#8217;inconnu. \u00c0 travers les t\u00e9moignages de trois personnes, qui fr\u00f4lent la science-fiction par leur caract\u00e8re insolite, nous d\u00e9couvrons l&#8217;impact profond de ces exp\u00e9riences sur leur perception d&#8217;eux-m\u00eames.<\/p>\n\n\n\n<p><strong>MARCEL (YAOUNDE)<br><\/strong>Aurore Coturel<br>8 min<br>Marcel racont\u00e9 par Marie-Th\u00e9r\u00e8se, les deux grands-parents d\u2019Aurore, la r\u00e9alisatrice du film.&nbsp; Aurore n\u2019a jamais connu son grand-p\u00e8re et essaie de le d\u00e9couvrir \u00e0 travers les histoires de sa grand-m\u00e8re qui partage ses souvenirs avec le spectateur.<\/p>\n\n\n\n<p><strong>CINQUANTE PRINTEMPS<\/strong><br>Oriane Chicha<br>10 min <br>R\u00e9cit d&#8217;un couple de 50 ans, qui relatent leur rencontre, et les \u00e9motions qui en d\u00e9coulent, comme au premier jour<\/p>\n\n\n\n<p><strong>SERVANE<\/strong><br>Lau Elloy<br>8min<br>La Grenade est un collectif f\u00e9ministe queer \u00e0 Metz fond\u00e9 par Servane Diaferia, militante engag\u00e9e.<br>Cette derni\u00e8re t\u00e9moigne de l\u2019histoire de la cr\u00e9ation de ce collectif non-mixte ainsi que les actions militantes r\u00e9alis\u00e9es depuis son apparition.<\/p>\n\n\n\n<div class=\"wp-block-media-text alignwide is-stacked-on-mobile\" style=\"grid-template-columns:23% auto\"><figure class=\"wp-block-media-text__media\"><img loading=\"lazy\" width=\"758\" height=\"1024\" src=\"https:\/\/reelenvue.org\/wp-content\/uploads\/2023\/10\/media.jpg\" alt=\"\" class=\"wp-image-970 size-full\" srcset=\"https:\/\/reelenvue.org\/wp-content\/uploads\/2023\/10\/media.jpg 758w, https:\/\/reelenvue.org\/wp-content\/uploads\/2023\/10\/media-222x300.jpg 222w, https:\/\/reelenvue.org\/wp-content\/uploads\/2023\/10\/media-624x843.jpg 624w\" sizes=\"(max-width: 758px) 100vw, 758px\" \/><\/figure><div class=\"wp-block-media-text__content\">\n<p class=\"has-large-font-size\"><strong>CHURCHILL POLAR BEAR TOWN<\/strong><\/p>\n\n\n\n<p style=\"font-size:15px\">Annabelle Amoros<br>Premi\u00e8re Internationale<br>France 2022 &#8211; 37 min<\/p>\n\n\n\n<p style=\"font-size:15px\">\u00c0 Churchill, dans l\u2019extr\u00eame nord canadien, les ours polaires viennent chasser les phoques en automne. Cet \u00e9v\u00e9ne- ment est \u00e0 la fois une ressource touristique et un danger pour les animaux et les humains. Annabelle Amoros pose un regard sur cette ville, non d\u00e9pourvu d\u2019humour, au travers d\u2019un r\u00e9cit qui alterne le dynamisme de l\u2019action et le calme du plan fixe.<\/p>\n<\/div><\/div>\n\n\n\n<p><\/p>\n","protected":false},"excerpt":{"rendered":"<p>avec la cin\u00e9aste Annabelle AMOROS et les \u00e9tudiants de 2\u00e8me ann\u00e9e Art ESAL METZ Samedi 26 novembre, 20h, Espace conf\u00e9rence La ScalaLa rencontre sera anim\u00e9e par Pierre Villemin Annabelle AMOROS Annabelle Amoros d\u00e9bute sa formation artistique \u00e0 l\u2019\u00c9cole d\u2019Art de Metz, puis int\u00e8gre l\u2019\u00c9cole Nationale Sup\u00e9rieure de la Photographie \u00e0 Arles de 2011 \u00e0 2014.\u00c0 [&hellip;]<\/p>\n","protected":false},"author":1,"featured_media":0,"parent":0,"menu_order":0,"comment_status":"closed","ping_status":"closed","template":"","meta":[],"_links":{"self":[{"href":"https:\/\/reelenvue.org\/index.php\/wp-json\/wp\/v2\/pages\/686"}],"collection":[{"href":"https:\/\/reelenvue.org\/index.php\/wp-json\/wp\/v2\/pages"}],"about":[{"href":"https:\/\/reelenvue.org\/index.php\/wp-json\/wp\/v2\/types\/page"}],"author":[{"embeddable":true,"href":"https:\/\/reelenvue.org\/index.php\/wp-json\/wp\/v2\/users\/1"}],"replies":[{"embeddable":true,"href":"https:\/\/reelenvue.org\/index.php\/wp-json\/wp\/v2\/comments?post=686"}],"version-history":[{"count":18,"href":"https:\/\/reelenvue.org\/index.php\/wp-json\/wp\/v2\/pages\/686\/revisions"}],"predecessor-version":[{"id":990,"href":"https:\/\/reelenvue.org\/index.php\/wp-json\/wp\/v2\/pages\/686\/revisions\/990"}],"wp:attachment":[{"href":"https:\/\/reelenvue.org\/index.php\/wp-json\/wp\/v2\/media?parent=686"}],"curies":[{"name":"wp","href":"https:\/\/api.w.org\/{rel}","templated":true}]}}