{"id":621,"date":"2022-09-26T17:36:28","date_gmt":"2022-09-26T15:36:28","guid":{"rendered":"http:\/\/reelenvue.org\/?page_id=621"},"modified":"2025-10-14T11:45:18","modified_gmt":"2025-10-14T09:45:18","slug":"rencontres_photographie_documentaire","status":"publish","type":"page","link":"https:\/\/reelenvue.org\/index.php\/rencontres_photographie_documentaire\/","title":{"rendered":"Les rencontres de la photographie documentaire"},"content":{"rendered":"\n<div class=\"wp-block-image\"><figure class=\"aligncenter size-large is-resized\"><img loading=\"lazy\" src=\"http:\/\/reelenvue.org\/wp-content\/uploads\/2025\/07\/affichefinal-724x1024.jpg\" alt=\"\" class=\"wp-image-1345\" width=\"453\" height=\"640\" srcset=\"https:\/\/reelenvue.org\/wp-content\/uploads\/2025\/07\/affichefinal-724x1024.jpg 724w, https:\/\/reelenvue.org\/wp-content\/uploads\/2025\/07\/affichefinal-212x300.jpg 212w, https:\/\/reelenvue.org\/wp-content\/uploads\/2025\/07\/affichefinal-768x1086.jpg 768w, https:\/\/reelenvue.org\/wp-content\/uploads\/2025\/07\/affichefinal-1086x1536.jpg 1086w, https:\/\/reelenvue.org\/wp-content\/uploads\/2025\/07\/affichefinal-1448x2048.jpg 1448w, https:\/\/reelenvue.org\/wp-content\/uploads\/2025\/07\/affichefinal-624x882.jpg 624w, https:\/\/reelenvue.org\/wp-content\/uploads\/2025\/07\/affichefinal-scaled.jpg 1810w\" sizes=\"(max-width: 453px) 100vw, 453px\" \/><\/figure><\/div>\n\n\n\n<p>Pour sa 4\u00e8me \u00e9dition, <strong><em>Les Rencontr<\/em>es de la Photographie Documentaire<\/strong> sont de retour \u00e0 Thionville <strong>du 2 au 12 octobre 2025<\/strong>. En continuit\u00e9 avec ses engagements en faveur de l\u2019\u00e9ducation aux images, <strong><em>Le R\u00e9el en vue<\/em><\/strong> poursuit sa volont\u00e9 de mettre en lumi\u00e8re la photographie contemporaine qui ouvre de nouveaux chemins de cr\u00e9ations et de r\u00e9flexions. Ce premier temps fort du festival imagin\u00e9 par l\u2019\u00e9quipe du Centre social \u00ab Le Lierre \u00bb et de son collectif Photoklatsch propose : une \u00e9chapp\u00e9e contemporaine en Afrique avec un dialogue photographique entre <strong>Dea Makashi<\/strong> et <strong>Jean-Jacques Val\u00e8s<\/strong>, un workshop avec le photographe du collectif Tendance Flou <strong>Guillaume Chauvin<\/strong> et la graphiste <strong>Anastasia Plekhanova<\/strong>, une projection au cin\u00e9ma La Scala, et beaucoup d\u2019autres surprises dont l\u2019anniversaire des 5 ans du collectif Photoklatsch.<\/p>\n\n\n\n<p><strong>Le programme 2025<\/strong> :<\/p>\n\n\n\n<div style=\"text-align:center;\"><div style=\"margin:8px 0px 4px;\"><a href=\"https:\/\/www.calameo.com\/books\/005064268ee0e5ef2e3f4\" target=\"_blank\" rel=\"noopener\">Programme Rencontres Photographie Documentaire 2025<\/a><\/div><iframe loading=\"lazy\" src=\"\/\/v.calameo.com\/?bkcode=005064268ee0e5ef2e3f4&amp;mode=mini\" width=\"480\" height=\"300\" frameborder=\"0\" scrolling=\"no\" allowtransparency=\"\" allowfullscreen=\"\" style=\"margin:0 auto;\"><\/iframe><div style=\"margin:4px 0px 8px;\"><a href=\"http:\/\/www.calameo.com\/\" target=\"_blank\" rel=\"noopener\">Lire plus de publications sur Calam\u00e9o<\/a><\/div><\/div>\n","protected":false},"excerpt":{"rendered":"<p>Pour sa 4\u00e8me \u00e9dition, Les Rencontres de la Photographie Documentaire sont de retour \u00e0 Thionville du 2 au 12 octobre 2025. En continuit\u00e9 avec ses engagements en faveur de l\u2019\u00e9ducation aux images, Le R\u00e9el en vue poursuit sa volont\u00e9 de mettre en lumi\u00e8re la photographie contemporaine qui ouvre de nouveaux chemins de cr\u00e9ations et de [&hellip;]<\/p>\n","protected":false},"author":1,"featured_media":0,"parent":0,"menu_order":0,"comment_status":"closed","ping_status":"closed","template":"","meta":[],"_links":{"self":[{"href":"https:\/\/reelenvue.org\/index.php\/wp-json\/wp\/v2\/pages\/621"}],"collection":[{"href":"https:\/\/reelenvue.org\/index.php\/wp-json\/wp\/v2\/pages"}],"about":[{"href":"https:\/\/reelenvue.org\/index.php\/wp-json\/wp\/v2\/types\/page"}],"author":[{"embeddable":true,"href":"https:\/\/reelenvue.org\/index.php\/wp-json\/wp\/v2\/users\/1"}],"replies":[{"embeddable":true,"href":"https:\/\/reelenvue.org\/index.php\/wp-json\/wp\/v2\/comments?post=621"}],"version-history":[{"count":38,"href":"https:\/\/reelenvue.org\/index.php\/wp-json\/wp\/v2\/pages\/621\/revisions"}],"predecessor-version":[{"id":1406,"href":"https:\/\/reelenvue.org\/index.php\/wp-json\/wp\/v2\/pages\/621\/revisions\/1406"}],"wp:attachment":[{"href":"https:\/\/reelenvue.org\/index.php\/wp-json\/wp\/v2\/media?parent=621"}],"curies":[{"name":"wp","href":"https:\/\/api.w.org\/{rel}","templated":true}]}}