{"id":446,"date":"2022-02-03T16:14:00","date_gmt":"2022-02-03T15:14:00","guid":{"rendered":"http:\/\/reelenvue.org\/?page_id=446"},"modified":"2026-02-02T12:30:10","modified_gmt":"2026-02-02T11:30:10","slug":"seances-de-lecture-a-limages","status":"publish","type":"page","link":"https:\/\/reelenvue.org\/index.php\/seances-de-lecture-a-limages\/","title":{"rendered":"S\u00e9ances de lecture \u00e0 l&#8217;image"},"content":{"rendered":"\n<p>Le lundi, une fois par mois, nous proposons une s\u00e9ance de lecture \u00e0 l&#8217;image \u00e0 partir de films documentaires. Les s\u00e9ances sont organis\u00e9es autour de la diffusion de films, des analyses et \u00e9changes de points de vue, de ressentis et d&#8217;un repas. Cette formation permet de d\u00e9velopper la prise de parole en public et d&#8217;ouvrir son regard \u00e0 d&#8217;autres genres cin\u00e9matographiques, de s&#8217;ouvrir \u00e0 d&#8217;autres regards sur le monde en vue de participer \u00e9ventuellement au jury de la comp\u00e9tition.<\/p>\n\n\n\n<p><strong>O\u00f9 ? <\/strong>: Espace multim\u00e9dia du Centre &#8220;Le Lierre&#8221;, 5, rue du Four Banal \u00e0 Thionville<\/p>\n\n\n\n<p><strong>Quand ?<\/strong> : rendez-vous mensuel<\/p>\n\n\n\n<p><strong>Plus d\u2019informations :<\/strong><br>secteur.multimedia@lelierre.org ou 03.72.60.60.99<\/p>\n","protected":false},"excerpt":{"rendered":"<p>Le lundi, une fois par mois, nous proposons une s\u00e9ance de lecture \u00e0 l&#8217;image \u00e0 partir de films documentaires. Les s\u00e9ances sont organis\u00e9es autour de la diffusion de films, des analyses et \u00e9changes de points de vue, de ressentis et d&#8217;un repas. Cette formation permet de d\u00e9velopper la prise de parole en public et d&#8217;ouvrir [&hellip;]<\/p>\n","protected":false},"author":1,"featured_media":0,"parent":0,"menu_order":0,"comment_status":"closed","ping_status":"closed","template":"","meta":[],"_links":{"self":[{"href":"https:\/\/reelenvue.org\/index.php\/wp-json\/wp\/v2\/pages\/446"}],"collection":[{"href":"https:\/\/reelenvue.org\/index.php\/wp-json\/wp\/v2\/pages"}],"about":[{"href":"https:\/\/reelenvue.org\/index.php\/wp-json\/wp\/v2\/types\/page"}],"author":[{"embeddable":true,"href":"https:\/\/reelenvue.org\/index.php\/wp-json\/wp\/v2\/users\/1"}],"replies":[{"embeddable":true,"href":"https:\/\/reelenvue.org\/index.php\/wp-json\/wp\/v2\/comments?post=446"}],"version-history":[{"count":16,"href":"https:\/\/reelenvue.org\/index.php\/wp-json\/wp\/v2\/pages\/446\/revisions"}],"predecessor-version":[{"id":1476,"href":"https:\/\/reelenvue.org\/index.php\/wp-json\/wp\/v2\/pages\/446\/revisions\/1476"}],"wp:attachment":[{"href":"https:\/\/reelenvue.org\/index.php\/wp-json\/wp\/v2\/media?parent=446"}],"curies":[{"name":"wp","href":"https:\/\/api.w.org\/{rel}","templated":true}]}}