{"id":433,"date":"2022-02-03T16:02:49","date_gmt":"2022-02-03T15:02:49","guid":{"rendered":"http:\/\/reelenvue.org\/?page_id=433"},"modified":"2025-10-14T11:43:14","modified_gmt":"2025-10-14T09:43:14","slug":"photoklatsch","status":"publish","type":"page","link":"https:\/\/reelenvue.org\/index.php\/photoklatsch\/","title":{"rendered":"Photoklatsch"},"content":{"rendered":"\n<div class=\"wp-block-image\"><figure class=\"aligncenter size-large is-resized\"><img loading=\"lazy\" src=\"https:\/\/reelenvue.org\/wp-content\/uploads\/2024\/08\/376807047_771735458086952_8484749507782887088_n-1024x683.jpg\" alt=\"\" class=\"wp-image-1170\" width=\"412\" height=\"274\" srcset=\"https:\/\/reelenvue.org\/wp-content\/uploads\/2024\/08\/376807047_771735458086952_8484749507782887088_n-1024x683.jpg 1024w, https:\/\/reelenvue.org\/wp-content\/uploads\/2024\/08\/376807047_771735458086952_8484749507782887088_n-300x200.jpg 300w, https:\/\/reelenvue.org\/wp-content\/uploads\/2024\/08\/376807047_771735458086952_8484749507782887088_n-768x512.jpg 768w, https:\/\/reelenvue.org\/wp-content\/uploads\/2024\/08\/376807047_771735458086952_8484749507782887088_n-1536x1024.jpg 1536w, https:\/\/reelenvue.org\/wp-content\/uploads\/2024\/08\/376807047_771735458086952_8484749507782887088_n-624x416.jpg 624w, https:\/\/reelenvue.org\/wp-content\/uploads\/2024\/08\/376807047_771735458086952_8484749507782887088_n.jpg 2048w\" sizes=\"(max-width: 412px) 100vw, 412px\" \/><\/figure><\/div>\n\n\n\n<p><strong>Dans le cadre des activit\u00e9s d\u2019\u00e9ducation aux m\u00e9dias et aux images du Centre \u00ab Le Lierre \u00bb et de son Festival \u00ab Le R\u00e9el En Vue \u00bb, le Photoklatsch c\u2019est \u00e0 la fois un collectif et un lieu d\u2019initiatives et d\u2019\u00e9changes photographiques ouvert \u00e0 tous.tes.<\/strong><\/p>\n\n\n\n<p>Les membres du Photoklatsch encouragent la diffusion et la cr\u00e9ation d\u2019une photographie documentaire et sociale, s\u2019inscrivant dans une d\u00e9marche d\u2019\u00e9ducation populaire \u00e0 et par l\u2019image.<\/p>\n\n\n\n<p>Par la mise en \u0153uvre d\u2019une programmation d\u2019actions artistiques \u00e0 destination des publics du Centre \u00ab Le Lierre \u00bb, le Photoklatsch participe pleinement aux missions sociales et culturelles de l\u2019association.<\/p>\n\n\n\n<p>Le Photoklatsch se veut foisonnant, libre et inspirant dans sa mani\u00e8re d\u2019exp\u00e9rimenter et d\u2019interroger notre rapport aux images et au monde, de prendre le temps de porter un regard construit, ludique et citoyen sur les pratiques photographiques alternant s\u00e9ances d\u2019ateliers, expositions, workshops, \u00e9ditions, \u00e9v\u00e9nements et rencontres en pr\u00e9sence d\u2019invit\u00e9s.<\/p>\n\n\n\n<p><strong>O\u00f9 ?<\/strong><br>Espace jeunesse et multim\u00e9dia du Centre \u00ab&nbsp;Le Lierre&nbsp;\u00bb, 5 rue du Four Banal \u00e0 Thionville<\/p>\n\n\n\n<p><strong>Quand ?<\/strong><br>Rendez-vous mensuel <\/p>\n\n\n\n<p><strong>Plus d\u2019informations :<\/strong><br>secteur.multimedia@lelierre.org ou 03.72.60.60.99<\/p>\n\n\n\n<p><strong>D\u00e9couvrez le blog du photoklatsch :<\/strong><br><a href=\"https:\/\/photoklatsch.tumblr.com\/\">https:\/\/photoklatsch.tumblr.com\/<\/a><\/p>\n\n\n\n<p><em>Avec le soutien de la ville de Thionville et de la r\u00e9gion Grand-Est<\/em><\/p>\n","protected":false},"excerpt":{"rendered":"<p>Dans le cadre des activit\u00e9s d\u2019\u00e9ducation aux m\u00e9dias et aux images du Centre \u00ab Le Lierre \u00bb et de son Festival \u00ab Le R\u00e9el En Vue \u00bb, le Photoklatsch c\u2019est \u00e0 la fois un collectif et un lieu d\u2019initiatives et d\u2019\u00e9changes photographiques ouvert \u00e0 tous.tes. Les membres du Photoklatsch encouragent la diffusion et la cr\u00e9ation [&hellip;]<\/p>\n","protected":false},"author":1,"featured_media":0,"parent":0,"menu_order":0,"comment_status":"closed","ping_status":"closed","template":"","meta":[],"_links":{"self":[{"href":"https:\/\/reelenvue.org\/index.php\/wp-json\/wp\/v2\/pages\/433"}],"collection":[{"href":"https:\/\/reelenvue.org\/index.php\/wp-json\/wp\/v2\/pages"}],"about":[{"href":"https:\/\/reelenvue.org\/index.php\/wp-json\/wp\/v2\/types\/page"}],"author":[{"embeddable":true,"href":"https:\/\/reelenvue.org\/index.php\/wp-json\/wp\/v2\/users\/1"}],"replies":[{"embeddable":true,"href":"https:\/\/reelenvue.org\/index.php\/wp-json\/wp\/v2\/comments?post=433"}],"version-history":[{"count":16,"href":"https:\/\/reelenvue.org\/index.php\/wp-json\/wp\/v2\/pages\/433\/revisions"}],"predecessor-version":[{"id":1405,"href":"https:\/\/reelenvue.org\/index.php\/wp-json\/wp\/v2\/pages\/433\/revisions\/1405"}],"wp:attachment":[{"href":"https:\/\/reelenvue.org\/index.php\/wp-json\/wp\/v2\/media?parent=433"}],"curies":[{"name":"wp","href":"https:\/\/api.w.org\/{rel}","templated":true}]}}