{"id":177,"date":"2021-10-14T13:50:38","date_gmt":"2021-10-14T11:50:38","guid":{"rendered":"https:\/\/reelenvue.org\/?page_id=177"},"modified":"2024-08-02T11:11:26","modified_gmt":"2024-08-02T09:11:26","slug":"jeunes-images-du-reel","status":"publish","type":"page","link":"https:\/\/reelenvue.org\/index.php\/jeunes-images-du-reel\/","title":{"rendered":"Jeunes Images du R\u00e9el"},"content":{"rendered":"\n<p><strong>Lire des images, d\u00e9crypter les messages, construire son propre regard critique, r\u00e9aliser un film, ma\u00eetriser des techniques d\u2019\u00e9critures documentaires contemporaines, le festival \u00ab Le R\u00e9el en vue \u00bb et le Centre \u00ab Le Lierre \u00bb proposent tout au long de l\u2019ann\u00e9e de nombreuses actions d\u2019\u00e9ducations aux images et aux m\u00e9dias aupr\u00e8s des jeunes publics.<\/strong><\/p>\n\n\n\n<p>En parall\u00e8le de son travail de programmation et de diffusion documentaire, le festival m\u00e8ne un ensemble d\u2019actions p\u00e9dagogiques \u00e0 destination de la jeunesse \u00e0 Thionville et en r\u00e9gion.<\/p>\n\n\n\n<p>\u00c0 travers de multiples interventions, son \u00e9quipe d\u2019animation contribue \u00e0 la sensibilisation des jeunes spectateurs et offre un acc\u00e8s privil\u00e9gi\u00e9 aux pratiques cin\u00e9matographiques et documentaires.<\/p>\n\n\n\n<figure class=\"wp-block-image size-large\"><img loading=\"lazy\" width=\"1024\" height=\"576\" src=\"https:\/\/reelenvue.org\/wp-content\/uploads\/2024\/08\/395412396_789342516326246_1403205267294224428_n-1024x576.jpg\" alt=\"\" class=\"wp-image-1162\" srcset=\"https:\/\/reelenvue.org\/wp-content\/uploads\/2024\/08\/395412396_789342516326246_1403205267294224428_n-1024x576.jpg 1024w, https:\/\/reelenvue.org\/wp-content\/uploads\/2024\/08\/395412396_789342516326246_1403205267294224428_n-300x169.jpg 300w, https:\/\/reelenvue.org\/wp-content\/uploads\/2024\/08\/395412396_789342516326246_1403205267294224428_n-768x432.jpg 768w, https:\/\/reelenvue.org\/wp-content\/uploads\/2024\/08\/395412396_789342516326246_1403205267294224428_n-1536x863.jpg 1536w, https:\/\/reelenvue.org\/wp-content\/uploads\/2024\/08\/395412396_789342516326246_1403205267294224428_n-624x351.jpg 624w, https:\/\/reelenvue.org\/wp-content\/uploads\/2024\/08\/395412396_789342516326246_1403205267294224428_n.jpg 2048w\" sizes=\"(max-width: 1024px) 100vw, 1024px\" \/><\/figure>\n\n\n\n<p><strong>JEUNES IMAGES DU R\u00c9EL,  C&#8217;EST AUSSI <\/strong>:<\/p>\n\n\n\n<ul><li><strong>LES<\/strong> <strong>INTERVENTIONS DANS LES LYC\u00c9ES<\/strong><\/li><\/ul>\n\n\n\n<p>Des s\u00e9ances sp\u00e9ciales des films de la comp\u00e9tition documentaire seront programm\u00e9es pour les \u00e9l\u00e8ves des lyc\u00e9es de Thionville. Nous proposons aux \u00e9l\u00e8ves de lyc\u00e9es de Thionville des s\u00e9ances de pr\u00e9sentation du genre documentaire et d\u2019apprentissage de la lecture d\u2019image, \u00e0 la fois \u00e0 savoir resituer l\u2019enjeu de cette expression cr\u00e9ative faisant oeuvre du r\u00e9el, et \u00e0 exprimer de mani\u00e8re constructive un point de vue personnel sur ces oeuvres, mais aussi sur le monde qui est le n\u00f4tre. Cette d\u00e9marche permet de sensibiliser les jeunes au traitement de questions de soci\u00e9t\u00e9 dans le domaine du cin\u00e9ma et de faire le lien avec les enseignants pour apporter une compl\u00e9mentarit\u00e9 aux projets \u00e9ducatifs des \u00e9tablissements. Les \u00e9l\u00e8ves int\u00e9ress\u00e9s sont invit\u00e9s \u00e0 rejoindre le Jury Jeunes !<\/p>\n\n\n\n<p>L\u2019\u00e9quipe du festival vous propose d\u2019intervenir au sein de votre \u00e9tablissement pour co-construire avec les \u00e9quipes d\u2019enseignements et d&#8217;animations p\u00e9dagogiques une action d\u2019\u00e9ducation aux images et aux m\u00e9dias favorisant l\u2019\u00e9change et la construction d\u2019un regard critique des jeunes.<\/p>\n\n\n\n<figure class=\"wp-block-image size-large\"><img loading=\"lazy\" width=\"1024\" height=\"683\" src=\"https:\/\/reelenvue.org\/wp-content\/uploads\/2024\/08\/DSCF3465-1024x683.jpg\" alt=\"\" class=\"wp-image-1165\" srcset=\"https:\/\/reelenvue.org\/wp-content\/uploads\/2024\/08\/DSCF3465-1024x683.jpg 1024w, https:\/\/reelenvue.org\/wp-content\/uploads\/2024\/08\/DSCF3465-300x200.jpg 300w, https:\/\/reelenvue.org\/wp-content\/uploads\/2024\/08\/DSCF3465-768x512.jpg 768w, https:\/\/reelenvue.org\/wp-content\/uploads\/2024\/08\/DSCF3465-1536x1024.jpg 1536w, https:\/\/reelenvue.org\/wp-content\/uploads\/2024\/08\/DSCF3465-2048x1365.jpg 2048w, https:\/\/reelenvue.org\/wp-content\/uploads\/2024\/08\/DSCF3465-624x416.jpg 624w\" sizes=\"(max-width: 1024px) 100vw, 1024px\" \/><\/figure>\n\n\n\n<ul><li><strong>LES ATELIERS D\u2019\u00c9DUCATION \u00c0 L\u2019IMAGE<br><em>Aupr\u00e8s des publics des \u00e9coles et des centres sociaux-culturels<\/em><\/strong> <\/li><\/ul>\n\n\n\n<p>Ateliers de r\u00e9alisation vid\u00e9o, analyse critique de l\u2019image, organis\u00e9s dans les \u00e9coles et les Centres sociaux-culturels de Thionville et anim\u00e9s par l\u2019\u00e9quipe du secteur multim\u00e9dia du Centre \u00ab Le Lierre \u00bb.<\/p>\n\n\n\n<p><strong>Pour plus d\u2019informations, n\u2019h\u00e9sitez pas \u00e0 nous contacter par mail ou t\u00e9l\u00e9phone,<\/strong><\/p>\n\n\n\n<p><strong>CONTACT<br><\/strong>Morgan BRUDER<br>responsable des actions jeunesses<br>morgan.bruder@lelierre.org \/\/ 03 72 60 60 99<\/p>\n\n\n\n<p><\/p>\n\n\n\n<figure class=\"wp-block-gallery columns-0 is-cropped\"><ul class=\"blocks-gallery-grid\"><\/ul><\/figure>\n","protected":false},"excerpt":{"rendered":"<p>Lire des images, d\u00e9crypter les messages, construire son propre regard critique, r\u00e9aliser un film, ma\u00eetriser des techniques d\u2019\u00e9critures documentaires contemporaines, le festival \u00ab Le R\u00e9el en vue \u00bb et le Centre \u00ab Le Lierre \u00bb proposent tout au long de l\u2019ann\u00e9e de nombreuses actions d\u2019\u00e9ducations aux images et aux m\u00e9dias aupr\u00e8s des jeunes publics. En [&hellip;]<\/p>\n","protected":false},"author":1,"featured_media":0,"parent":0,"menu_order":0,"comment_status":"closed","ping_status":"closed","template":"","meta":[],"_links":{"self":[{"href":"https:\/\/reelenvue.org\/index.php\/wp-json\/wp\/v2\/pages\/177"}],"collection":[{"href":"https:\/\/reelenvue.org\/index.php\/wp-json\/wp\/v2\/pages"}],"about":[{"href":"https:\/\/reelenvue.org\/index.php\/wp-json\/wp\/v2\/types\/page"}],"author":[{"embeddable":true,"href":"https:\/\/reelenvue.org\/index.php\/wp-json\/wp\/v2\/users\/1"}],"replies":[{"embeddable":true,"href":"https:\/\/reelenvue.org\/index.php\/wp-json\/wp\/v2\/comments?post=177"}],"version-history":[{"count":40,"href":"https:\/\/reelenvue.org\/index.php\/wp-json\/wp\/v2\/pages\/177\/revisions"}],"predecessor-version":[{"id":1166,"href":"https:\/\/reelenvue.org\/index.php\/wp-json\/wp\/v2\/pages\/177\/revisions\/1166"}],"wp:attachment":[{"href":"https:\/\/reelenvue.org\/index.php\/wp-json\/wp\/v2\/media?parent=177"}],"curies":[{"name":"wp","href":"https:\/\/api.w.org\/{rel}","templated":true}]}}